{"id":2,"date":"2026-04-10T10:01:25","date_gmt":"2026-04-10T10:01:25","guid":{"rendered":"https:\/\/avs4a.qinova.it\/?page_id=2"},"modified":"2026-04-10T13:18:28","modified_gmt":"2026-04-10T13:18:28","slug":"sample-page","status":"publish","type":"page","link":"https:\/\/avs4a.qinova.it\/","title":{"rendered":"AVS4A"},"content":{"rendered":"\n<p><em>Advanced Vision System 4 Animals<\/em> \u00e8 un sistema di monitoraggio avanzato per animali gregari, specialmente animali da allevamento raggruppati in greggi e mandrie. Il sistema \u00e8 basato sulla collezione multi-sensore di dati aggregati e l&#8217;elaborazione edge con techinche di IA alla fine dell&#8217;estrazione di parametri comportamentali complessi dei singoli animali. Il sistema \u00e8 capace di operare sia in ambito indoor che outdoor e di funzionare con alimentazione solare e a batteria. Inoltre, \u00e8 possibile ricevere dati avanzati dai singoli punti di osservazione e consultarli suil nostro portale proprietario.<\/p>\n\n\n\n<p>Le principali finalit\u00e0 del sistema sono:<\/p>\n\n\n\n<ul class=\"wp-block-list\">\n<li>Protezione da predatori e esseri umani non autorizzati<\/li>\n\n\n\n<li>Monitoraggio individuale in tempo reale della posizione dei singoli animali<\/li>\n\n\n\n<li>Monitoraggio del comportamento per rilevare indicatori di benessere e produttivit\u00e0<\/li>\n<\/ul>\n\n\n\n<blockquote class=\"wp-block-quote is-layout-flow wp-block-quote-is-layout-flow\">\n<p>AVS4A aumenta le prestazioni del lavoro di mandriani e pastori garantendo un pi\u00f9 etico trattamento degli allevamenti e una maggiore produttivit\u00e0. La tecnologia pi\u00f9 avanzata di monitraggio e controllo permette risultati mai ottenuti prima nell&#8217;ambito dell&#8217;osservazione animale.<\/p>\n<\/blockquote>\n\n\n\n<p><\/p>\n","protected":false},"excerpt":{"rendered":"<p>Advanced Vision System 4 Animals \u00e8 un sistema di monitoraggio avanzato per animali gregari, specialmente animali da allevamento raggruppati in greggi e mandrie. Il sistema \u00e8 basato sulla collezione multi-sensore di dati aggregati e l&#8217;elaborazione edge con techinche di IA alla fine dell&#8217;estrazione di parametri comportamentali complessi dei singoli animali. Il sistema \u00e8 capace di [&hellip;]<\/p>\n","protected":false},"author":1,"featured_media":0,"parent":0,"menu_order":0,"comment_status":"closed","ping_status":"closed","template":"","meta":{"footnotes":""},"class_list":["post-2","page","type-page","status-publish","hentry"],"_links":{"self":[{"href":"https:\/\/avs4a.qinova.it\/index.php?rest_route=\/wp\/v2\/pages\/2","targetHints":{"allow":["GET"]}}],"collection":[{"href":"https:\/\/avs4a.qinova.it\/index.php?rest_route=\/wp\/v2\/pages"}],"about":[{"href":"https:\/\/avs4a.qinova.it\/index.php?rest_route=\/wp\/v2\/types\/page"}],"author":[{"embeddable":true,"href":"https:\/\/avs4a.qinova.it\/index.php?rest_route=\/wp\/v2\/users\/1"}],"replies":[{"embeddable":true,"href":"https:\/\/avs4a.qinova.it\/index.php?rest_route=%2Fwp%2Fv2%2Fcomments&post=2"}],"version-history":[{"count":4,"href":"https:\/\/avs4a.qinova.it\/index.php?rest_route=\/wp\/v2\/pages\/2\/revisions"}],"predecessor-version":[{"id":13,"href":"https:\/\/avs4a.qinova.it\/index.php?rest_route=\/wp\/v2\/pages\/2\/revisions\/13"}],"wp:attachment":[{"href":"https:\/\/avs4a.qinova.it\/index.php?rest_route=%2Fwp%2Fv2%2Fmedia&parent=2"}],"curies":[{"name":"wp","href":"https:\/\/api.w.org\/{rel}","templated":true}]}}